{"id":118,"date":"2025-12-18T14:32:15","date_gmt":"2025-12-18T13:32:15","guid":{"rendered":"https:\/\/challengedelaveille2026.univ-lyon3.fr\/?page_id=118"},"modified":"2026-01-27T12:43:10","modified_gmt":"2026-01-27T11:43:10","slug":"cdlv-edition-2026","status":"publish","type":"page","link":"https:\/\/challengedelaveille2026.univ-lyon3.fr\/?page_id=118","title":{"rendered":"Sujet CDLV 2026"},"content":{"rendered":"\n<div class=\"wp-block-group alignfull has-global-padding is-layout-constrained wp-container-core-group-is-layout-e09f68fd wp-block-group-is-layout-constrained\" style=\"min-height:0vh;margin-top:0;margin-bottom:0;padding-top:var(--wp--preset--spacing--50);padding-right:0;padding-bottom:var(--wp--preset--spacing--40);padding-left:0\">\n<div class=\"wp-block-group has-global-padding is-layout-constrained wp-container-core-group-is-layout-346627ba wp-block-group-is-layout-constrained\">\n<h2 class=\"wp-block-heading has-text-align-center has-text-color has-link-color has-bbh-bartle-font-family has-xx-large-font-size wp-elements-ffa02bdd9a86e7b9260785efb18657cf\" style=\"color:#ff8a1c;margin-right:0;margin-left:0;padding-right:0;padding-left:0\">Sujet CDLV 2026<\/h2>\n\n\n\n<p class=\"has-text-align-center\">D\u00e9couvrez tout sur l&rsquo;\u00e9dition 2026 du challenge de la veille.<\/p>\n\n\n\n<div class=\"wp-block-buttons is-content-justification-center is-layout-flex wp-container-core-buttons-is-layout-a89b3969 wp-block-buttons-is-layout-flex\">\n<div class=\"wp-block-button\"><a class=\"wp-block-button__link wp-element-button\">Sujet 2026 <\/a><\/div>\n<\/div>\n<\/div>\n<\/div>\n\n\n\n<div class=\"wp-block-group alignfull has-global-padding is-layout-constrained wp-block-group-is-layout-constrained\" style=\"margin-top:0;margin-bottom:0;padding-top:var(--wp--preset--spacing--60);padding-bottom:var(--wp--preset--spacing--60)\">\n<div class=\"wp-block-columns alignwide is-layout-flex wp-container-core-columns-is-layout-74b2cda3 wp-block-columns-is-layout-flex\">\n<div class=\"wp-block-column is-layout-flow wp-block-column-is-layout-flow\">\n<div class=\"wp-block-group is-vertical is-content-justification-left is-layout-flex wp-container-core-group-is-layout-96ad98c5 wp-block-group-is-layout-flex\" style=\"min-height:100%\">\n<div class=\"wp-block-buttons is-layout-flex wp-block-buttons-is-layout-flex\">\n<div class=\"wp-block-button is-style-outline is-style-outline--1\"><a class=\"wp-block-button__link has-text-color has-link-color has-small-font-size has-custom-font-size wp-element-button\" href=\"https:\/\/brandstorm.loreal.com\" style=\"color:#ff8a1c\" target=\"_blank\" rel=\"noreferrer noopener\">L&rsquo;Or\u00e9al<\/a><\/div>\n<\/div>\n\n\n\n<p class=\"has-medium-font-size\" style=\"margin-top:0;margin-right:0;margin-bottom:0;margin-left:0;padding-top:0;padding-right:0;padding-bottom:0;padding-left:0;font-style:normal;font-weight:800\">\u00ab Comment l&rsquo;entreprise l\u2019Or\u00e9al peut-elle s\u2019appuyer sur des strat\u00e9gies marketing et digitales pour valoriser sa marque employeur aupr\u00e8s des \u00e9tudiants d\u2019\u00e9coles d\u2019ing\u00e9nieurs et des universit\u00e9s, pour attirer les talents et renforcer l\u2019engagement de ces \u00e9coles \u00e0 travers leurs formations, notamment par le biais de programmes tels que Brandstorm ?\u00bb<\/p>\n\n\n\n<blockquote class=\"wp-block-quote is-style-plain has-x-large-font-size is-layout-flow wp-container-core-quote-is-layout-5dafc681 wp-block-quote-is-layout-flow is-style-plain--2\" style=\"font-style:normal;font-weight:400\">\n<p><\/p>\n<\/blockquote>\n<\/div>\n<\/div>\n<\/div>\n\n\n\n<figure class=\"wp-block-image alignwide size-large\"><img loading=\"lazy\" decoding=\"async\" width=\"1024\" height=\"478\" src=\"https:\/\/challengedelaveille2026.univ-lyon3.fr\/wp-content\/uploads\/2026\/01\/fr-5c05f47e-a5e3-4af0-9fa4-ba5a4b513b56-1024x478.webp\" alt=\"\" class=\"wp-image-397\" srcset=\"https:\/\/challengedelaveille2026.univ-lyon3.fr\/wp-content\/uploads\/2026\/01\/fr-5c05f47e-a5e3-4af0-9fa4-ba5a4b513b56-1024x478.webp 1024w, https:\/\/challengedelaveille2026.univ-lyon3.fr\/wp-content\/uploads\/2026\/01\/fr-5c05f47e-a5e3-4af0-9fa4-ba5a4b513b56-300x140.webp 300w, https:\/\/challengedelaveille2026.univ-lyon3.fr\/wp-content\/uploads\/2026\/01\/fr-5c05f47e-a5e3-4af0-9fa4-ba5a4b513b56-768x358.webp 768w, https:\/\/challengedelaveille2026.univ-lyon3.fr\/wp-content\/uploads\/2026\/01\/fr-5c05f47e-a5e3-4af0-9fa4-ba5a4b513b56.webp 1200w\" sizes=\"auto, (max-width: 1024px) 100vw, 1024px\" \/><\/figure>\n<\/div>\n","protected":false},"excerpt":{"rendered":"<p>Sujet CDLV 2026 D\u00e9couvrez tout sur l&rsquo;\u00e9dition 2026 du challenge de la veille. \u00ab Comment l&rsquo;entreprise l\u2019Or\u00e9al peut-elle s\u2019appuyer sur des strat\u00e9gies marketing et digitales pour valoriser sa marque employeur [&hellip;]<\/p>\n","protected":false},"author":7,"featured_media":0,"parent":0,"menu_order":1,"comment_status":"closed","ping_status":"closed","template":"","meta":{"_monsterinsights_skip_tracking":false,"_monsterinsights_sitenote_active":false,"_monsterinsights_sitenote_note":"","_monsterinsights_sitenote_category":0,"_EventAllDay":false,"_EventTimezone":"","_EventStartDate":"","_EventEndDate":"","_EventStartDateUTC":"","_EventEndDateUTC":"","_EventShowMap":false,"_EventShowMapLink":false,"_EventURL":"","_EventCost":"","_EventCostDescription":"","_EventCurrencySymbol":"","_EventCurrencyCode":"","_EventCurrencyPosition":"","_EventDateTimeSeparator":"","_EventTimeRangeSeparator":"","_EventOrganizerID":[],"_EventVenueID":[],"_OrganizerEmail":"","_OrganizerPhone":"","_OrganizerWebsite":"","_VenueAddress":"","_VenueCity":"","_VenueCountry":"","_VenueProvince":"","_VenueState":"","_VenueZip":"","_VenuePhone":"","_VenueURL":"","_VenueStateProvince":"","_VenueLat":"","_VenueLng":"","_VenueShowMap":false,"_VenueShowMapLink":false,"footnotes":""},"class_list":["post-118","page","type-page","status-publish","hentry"],"_links":{"self":[{"href":"https:\/\/challengedelaveille2026.univ-lyon3.fr\/index.php?rest_route=\/wp\/v2\/pages\/118","targetHints":{"allow":["GET"]}}],"collection":[{"href":"https:\/\/challengedelaveille2026.univ-lyon3.fr\/index.php?rest_route=\/wp\/v2\/pages"}],"about":[{"href":"https:\/\/challengedelaveille2026.univ-lyon3.fr\/index.php?rest_route=\/wp\/v2\/types\/page"}],"author":[{"embeddable":true,"href":"https:\/\/challengedelaveille2026.univ-lyon3.fr\/index.php?rest_route=\/wp\/v2\/users\/7"}],"replies":[{"embeddable":true,"href":"https:\/\/challengedelaveille2026.univ-lyon3.fr\/index.php?rest_route=%2Fwp%2Fv2%2Fcomments&post=118"}],"version-history":[{"count":9,"href":"https:\/\/challengedelaveille2026.univ-lyon3.fr\/index.php?rest_route=\/wp\/v2\/pages\/118\/revisions"}],"predecessor-version":[{"id":510,"href":"https:\/\/challengedelaveille2026.univ-lyon3.fr\/index.php?rest_route=\/wp\/v2\/pages\/118\/revisions\/510"}],"wp:attachment":[{"href":"https:\/\/challengedelaveille2026.univ-lyon3.fr\/index.php?rest_route=%2Fwp%2Fv2%2Fmedia&parent=118"}],"curies":[{"name":"wp","href":"https:\/\/api.w.org\/{rel}","templated":true}]}}