{"id":202,"date":"2026-01-12T12:25:58","date_gmt":"2026-01-12T11:25:58","guid":{"rendered":"https:\/\/challengedelaveille2026.univ-lyon3.fr\/?page_id=202"},"modified":"2026-02-03T12:28:28","modified_gmt":"2026-02-03T11:28:28","slug":"vog-interview","status":"publish","type":"page","link":"https:\/\/challengedelaveille2026.univ-lyon3.fr\/?page_id=202","title":{"rendered":"vog &#038; Podcast"},"content":{"rendered":"\n<p class=\"has-text-align-center has-text-color has-link-color has-bbh-bartle-font-family has-xx-large-font-size wp-elements-3b08790bf70fb56b4b7c078138caa924\" style=\"color:#ff8a1c\">Podcast <\/p>\n\n\n\n<div class=\"wp-block-kadence-spacer aligncenter kt-block-spacer-202_4d419f-0a\"><div class=\"kt-block-spacer kt-block-spacer-halign-center\"><hr class=\"kt-divider\"\/><\/div><\/div>\n\n\n\n<div class=\"wp-block-buttons is-layout-flex wp-block-buttons-is-layout-flex\">\n<div class=\"wp-block-button\"><a class=\"wp-block-button__link wp-element-button\">Podcast <\/a><\/div>\n<\/div>\n\n\n<div class=\"kb-gallery-wrap-id-202_b849ad-80 alignnone wp-block-kadence-advancedgallery\"><div class=\"kb-gallery-ul kb-gallery-non-static kb-gallery-type-slider kb-gallery-id-202_b849ad-80 kb-gallery-caption-style-bottom-hover kb-gallery-filter-none\" data-image-filter=\"none\" data-lightbox-caption=\"true\"><div class=\"kt-blocks-carousel splide kt-carousel-container-dotstyle-dark kt-carousel-arrowstyle-none kt-carousel-dotstyle-dark kb-slider-group-arrow kb-slider-arrow-position-center\" data-slider-anim-speed=\"400\" data-slider-scroll=\"1\" data-slider-arrows=\"false\" data-slider-fade=\"true\" data-slider-dots=\"true\" data-slider-type=\"slider\" data-slider-hover-pause=\"false\" data-slider-auto=\"\" data-slider-speed=\"7000\" data-show-pause-button=\"false\"><div class=\"splide__track\"><ul class=\"kt-blocks-carousel-init kb-blocks-slider splide__list\"><li class=\"kb-slide-item kb-gallery-slide-item splide__slide\"><div class=\"kadence-blocks-gallery-item\"><div class=\"kadence-blocks-gallery-item-inner\"><figure class=\"kb-gallery-figure kadence-blocks-gallery-item-hide-caption\"><div class=\"kb-gal-image-radius\"><div class=\"kb-gallery-image-contain kadence-blocks-gallery-intrinsic kb-gallery-image-ratio-land32 kb-has-image-ratio-land32\" ><img loading=\"lazy\" decoding=\"async\" src=\"https:\/\/challengedelaveille2026.univ-lyon3.fr\/wp-content\/uploads\/2026\/02\/Logo-CDLV-podcast-avec-arriere-plan-supprime.png\" width=\"500\" height=\"500\" alt=\"\" data-full-image=\"https:\/\/challengedelaveille2026.univ-lyon3.fr\/wp-content\/uploads\/2026\/02\/Logo-CDLV-podcast-avec-arriere-plan-supprime.png\" data-light-image=\"https:\/\/challengedelaveille2026.univ-lyon3.fr\/wp-content\/uploads\/2026\/02\/Logo-CDLV-podcast-avec-arriere-plan-supprime.png\" data-id=\"583\" class=\"wp-image-583 skip-lazy\"\/><\/div><\/div><\/figure><\/div><\/div><\/li><\/ul><\/div><\/div><\/div><\/div>\n\n\n<p class=\"has-small-font-size\" id=\"x_gmail-x_docs-internal-guid-320b172c-7fff-51df-4928-afa8b4daa2f7\"><strong>Nous lan\u00e7ons officiellement notre podcast d\u00e9di\u00e9 au Challenge de la Veille 2026, avec ces trois \u00e9pisodes vous comprendrez tout sur cet \u00e9v\u00e9nement !<\/strong><\/p>\n\n\n\n<p class=\"has-small-font-size\">Pour ouvrir cette s\u00e9rie, ce premier \u00e9pisode pose les bases. Avant de se projeter vers l\u2019\u00e9dition 2026, il est essentiel de revenir aux fondations.<\/p>\n\n\n\n<p class=\"has-small-font-size\"><em>Nous revenons sur :<\/em><\/p>\n\n\n\n<p class=\"has-small-font-size\"><strong>&#8211; la raison d\u2019\u00eatre du challenge et ses objectifs<\/strong><\/p>\n\n\n\n<p class=\"has-small-font-size\"><strong>&#8211; son \u00e9volution au fil des \u00e9ditions<\/strong><\/p>\n\n\n\n<p class=\"has-small-font-size\"><strong>&#8211; Enfin, pourquoi son \u00e9dition 2026 se d\u00e9roule \u00e0 Lyon ?<\/strong><\/p>\n\n\n\n<p class=\"has-small-font-size\">Un \u00e9pisode pour comprendre l\u2019ADN du projet et ce qui fait la force de cet \u00e9v\u00e9nement.<\/p>\n\n\n\n<p class=\"has-small-font-size\">Pour ce deuxi\u00e8me \u00e9pisode on se pose une question simple mais pas si \u00e9vidente<\/p>\n\n\n\n<p class=\"has-small-font-size\">La veille, qu&rsquo;est-ce que c&rsquo;est concr\u00e8tement ?<\/p>\n\n\n\n<p class=\"has-small-font-size\">On vous explique \u00e0 quoi elle sert, pourquoi elle est essentielle et quelles comp\u00e9tences elle mobilise.<\/p>\n\n\n\n<p class=\"has-small-font-size\">Dernier \u00e9pisode de s\u00e9rie sur le Challenge de la Veille, on esp\u00e8re vous avoir \u00e9clair\u00e9 sur ce qu\u2019est cet \u00e9v\u00e9nement et qu\u2019est-ce qu\u2019on y fait.&nbsp;<\/p>\n\n\n\n<p class=\"has-small-font-size\"><strong>Maintenant concentrons-nous sur l\u2019\u00e9dition 2026 !<\/strong><\/p>\n\n\n\n<p class=\"has-small-font-size\">On vous d\u00e9voile le programme de la journ\u00e9e et les temps forts du challenge.<\/p>\n","protected":false},"excerpt":{"rendered":"<p>Podcast Nous lan\u00e7ons officiellement notre podcast d\u00e9di\u00e9 au Challenge de la Veille 2026, avec ces trois \u00e9pisodes vous comprendrez tout sur cet \u00e9v\u00e9nement ! Pour ouvrir cette s\u00e9rie, ce premier [&hellip;]<\/p>\n","protected":false},"author":7,"featured_media":0,"parent":0,"menu_order":0,"comment_status":"closed","ping_status":"closed","template":"","meta":{"_monsterinsights_skip_tracking":false,"_monsterinsights_sitenote_active":false,"_monsterinsights_sitenote_note":"","_monsterinsights_sitenote_category":0,"_EventAllDay":false,"_EventTimezone":"","_EventStartDate":"","_EventEndDate":"","_EventStartDateUTC":"","_EventEndDateUTC":"","_EventShowMap":false,"_EventShowMapLink":false,"_EventURL":"","_EventCost":"","_EventCostDescription":"","_EventCurrencySymbol":"","_EventCurrencyCode":"","_EventCurrencyPosition":"","_EventDateTimeSeparator":"","_EventTimeRangeSeparator":"","_EventOrganizerID":[],"_EventVenueID":[],"_OrganizerEmail":"","_OrganizerPhone":"","_OrganizerWebsite":"","_VenueAddress":"","_VenueCity":"","_VenueCountry":"","_VenueProvince":"","_VenueState":"","_VenueZip":"","_VenuePhone":"","_VenueURL":"","_VenueStateProvince":"","_VenueLat":"","_VenueLng":"","_VenueShowMap":false,"_VenueShowMapLink":false,"footnotes":""},"class_list":["post-202","page","type-page","status-publish","hentry"],"_links":{"self":[{"href":"https:\/\/challengedelaveille2026.univ-lyon3.fr\/index.php?rest_route=\/wp\/v2\/pages\/202","targetHints":{"allow":["GET"]}}],"collection":[{"href":"https:\/\/challengedelaveille2026.univ-lyon3.fr\/index.php?rest_route=\/wp\/v2\/pages"}],"about":[{"href":"https:\/\/challengedelaveille2026.univ-lyon3.fr\/index.php?rest_route=\/wp\/v2\/types\/page"}],"author":[{"embeddable":true,"href":"https:\/\/challengedelaveille2026.univ-lyon3.fr\/index.php?rest_route=\/wp\/v2\/users\/7"}],"replies":[{"embeddable":true,"href":"https:\/\/challengedelaveille2026.univ-lyon3.fr\/index.php?rest_route=%2Fwp%2Fv2%2Fcomments&post=202"}],"version-history":[{"count":8,"href":"https:\/\/challengedelaveille2026.univ-lyon3.fr\/index.php?rest_route=\/wp\/v2\/pages\/202\/revisions"}],"predecessor-version":[{"id":608,"href":"https:\/\/challengedelaveille2026.univ-lyon3.fr\/index.php?rest_route=\/wp\/v2\/pages\/202\/revisions\/608"}],"wp:attachment":[{"href":"https:\/\/challengedelaveille2026.univ-lyon3.fr\/index.php?rest_route=%2Fwp%2Fv2%2Fmedia&parent=202"}],"curies":[{"name":"wp","href":"https:\/\/api.w.org\/{rel}","templated":true}]}}