{"id":31,"date":"2025-12-18T12:03:50","date_gmt":"2025-12-18T11:03:50","guid":{"rendered":"https:\/\/challengedelaveille2026.univ-lyon3.fr\/?page_id=31"},"modified":"2026-01-27T12:57:07","modified_gmt":"2026-01-27T11:57:07","slug":"lhistoire-du-cdlv","status":"publish","type":"page","link":"https:\/\/challengedelaveille2026.univ-lyon3.fr\/?page_id=31","title":{"rendered":"L&rsquo;histoire du CDLV"},"content":{"rendered":"\n<h1 class=\"wp-block-heading has-text-align-center has-base-background-color has-text-color has-background has-link-color has-bbh-bartle-font-family has-x-large-font-size wp-elements-d13f2313739341433ef6c44061ba1f6e\" style=\"border-top-left-radius:0px;border-top-right-radius:0px;border-bottom-left-radius:0px;border-bottom-right-radius:0px;color:#ff8a1c;margin-right:0;margin-bottom:0;padding-right:0;padding-left:0;line-height:1.7\">L&rsquo;HISTOIRE DU CDLV<\/h1>\n\n\n\n<div class=\"wp-block-kadence-spacer aligncenter kt-block-spacer-31_5c83f2-25\"><div class=\"kt-block-spacer kt-block-spacer-halign-center\"><hr class=\"kt-divider\"\/><\/div><\/div>\n\n\n\n<div class=\"wp-block-columns is-layout-flex wp-container-core-columns-is-layout-28f84493 wp-block-columns-is-layout-flex\">\n<div class=\"wp-block-column is-layout-flow wp-block-column-is-layout-flow\"><\/div>\n\n\n\n<div class=\"wp-block-column is-layout-flow wp-block-column-is-layout-flow\"><\/div>\n\n\n\n<div class=\"wp-block-column is-layout-flow wp-block-column-is-layout-flow\"><\/div>\n<\/div>\n\n\n\n<div class=\"wp-block-columns is-layout-flex wp-container-core-columns-is-layout-28f84493 wp-block-columns-is-layout-flex\">\n<div class=\"wp-block-column is-layout-flow wp-block-column-is-layout-flow\">\n<p style=\"font-size:clamp(14px, 0.875rem + ((1vw - 3.2px) * 0.392), 18px);\">Cr\u00e9\u00e9 en 2000 \u00e0 l\u2019initiative de Laurent Knepfler et Taoufik Dkaki, enseignants \u00e0 l\u2019IUT de Strasbourg, le Challenge de la Veille s\u2019est impos\u00e9 au fil des ann\u00e9es comme un rendez-vous national incontournable de l\u2019intelligence \u00e9conomique.<\/p>\n\n\n\n<figure class=\"wp-block-image size-full has-custom-border\"><img loading=\"lazy\" decoding=\"async\" width=\"372\" height=\"497\" src=\"https:\/\/challengedelaveille2026.univ-lyon3.fr\/wp-content\/uploads\/2026\/01\/egjueuje-2.png\" alt=\"\" class=\"has-border-color wp-image-333\" style=\"border-color:#dc54d5;border-width:5px;border-top-left-radius:28px;border-top-right-radius:28px;border-bottom-left-radius:28px;border-bottom-right-radius:28px\" srcset=\"https:\/\/challengedelaveille2026.univ-lyon3.fr\/wp-content\/uploads\/2026\/01\/egjueuje-2.png 372w, https:\/\/challengedelaveille2026.univ-lyon3.fr\/wp-content\/uploads\/2026\/01\/egjueuje-2-225x300.png 225w\" sizes=\"auto, (max-width: 372px) 100vw, 372px\" \/><\/figure>\n<\/div>\n\n\n\n<div class=\"wp-block-column is-layout-flow wp-block-column-is-layout-flow\">\n\n\n<p class=\"has-medium-font-size\">Le principe du Challenge repose sur une mise en situation professionnelle : un commanditaire soumet une probl\u00e9matique r\u00e9elle li\u00e9e \u00e0 l\u2019intelligence \u00e9conomique.<\/p>\n\n\n\n<p class=\"has-medium-font-size\">Dans un temps contraint, les \u00e9tudiants mobilisent leurs comp\u00e9tences en recherche d\u2019information, veille strat\u00e9gique, analyse et synth\u00e8se afin de proposer une r\u00e9flexion structur\u00e9e et des recommandations utiles \u00e0 la prise de d\u00e9cision et \u00e0 la strat\u00e9gie de l\u2019organisation.<\/p>\n\n\n\n<p style=\"font-size:clamp(14px, 0.875rem + ((1vw - 3.2px) * 0.392), 18px);\">Au-del\u00e0 de la comp\u00e9tition, le Challenge de la Veille constitue un temps fort du parcours INFONUM. Il favorise la coop\u00e9ration entre les d\u00e9partements Information-Communication des IUT, tout en valorisant les savoir-faire des \u00e9tudiants form\u00e9s aux enjeux contemporains de la gestion de l\u2019information et des donn\u00e9es.<\/p>\n\n\n\n<p style=\"font-size:clamp(14px, 0.875rem + ((1vw - 3.2px) * 0.392), 18px);\"><\/p>\n\n\n\n<p style=\"font-size:clamp(14px, 0.875rem + ((1vw - 3.2px) * 0.392), 18px);\"><\/p>\n<\/div>\n<\/div>\n","protected":false},"excerpt":{"rendered":"<p>L&rsquo;HISTOIRE DU CDLV Cr\u00e9\u00e9 en 2000 \u00e0 l\u2019initiative de Laurent Knepfler et Taoufik Dkaki, enseignants \u00e0 l\u2019IUT de Strasbourg, le Challenge de la Veille s\u2019est impos\u00e9 au fil des ann\u00e9es [&hellip;]<\/p>\n","protected":false},"author":7,"featured_media":0,"parent":0,"menu_order":1,"comment_status":"closed","ping_status":"closed","template":"","meta":{"_monsterinsights_skip_tracking":false,"_monsterinsights_sitenote_active":false,"_monsterinsights_sitenote_note":"","_monsterinsights_sitenote_category":0,"_EventAllDay":false,"_EventTimezone":"","_EventStartDate":"","_EventEndDate":"","_EventStartDateUTC":"","_EventEndDateUTC":"","_EventShowMap":false,"_EventShowMapLink":false,"_EventURL":"","_EventCost":"","_EventCostDescription":"","_EventCurrencySymbol":"","_EventCurrencyCode":"","_EventCurrencyPosition":"","_EventDateTimeSeparator":"","_EventTimeRangeSeparator":"","_EventOrganizerID":[],"_EventVenueID":[],"_OrganizerEmail":"","_OrganizerPhone":"","_OrganizerWebsite":"","_VenueAddress":"","_VenueCity":"","_VenueCountry":"","_VenueProvince":"","_VenueState":"","_VenueZip":"","_VenuePhone":"","_VenueURL":"","_VenueStateProvince":"","_VenueLat":"","_VenueLng":"","_VenueShowMap":false,"_VenueShowMapLink":false,"footnotes":""},"class_list":["post-31","page","type-page","status-publish","hentry"],"_links":{"self":[{"href":"https:\/\/challengedelaveille2026.univ-lyon3.fr\/index.php?rest_route=\/wp\/v2\/pages\/31","targetHints":{"allow":["GET"]}}],"collection":[{"href":"https:\/\/challengedelaveille2026.univ-lyon3.fr\/index.php?rest_route=\/wp\/v2\/pages"}],"about":[{"href":"https:\/\/challengedelaveille2026.univ-lyon3.fr\/index.php?rest_route=\/wp\/v2\/types\/page"}],"author":[{"embeddable":true,"href":"https:\/\/challengedelaveille2026.univ-lyon3.fr\/index.php?rest_route=\/wp\/v2\/users\/7"}],"replies":[{"embeddable":true,"href":"https:\/\/challengedelaveille2026.univ-lyon3.fr\/index.php?rest_route=%2Fwp%2Fv2%2Fcomments&post=31"}],"version-history":[{"count":14,"href":"https:\/\/challengedelaveille2026.univ-lyon3.fr\/index.php?rest_route=\/wp\/v2\/pages\/31\/revisions"}],"predecessor-version":[{"id":517,"href":"https:\/\/challengedelaveille2026.univ-lyon3.fr\/index.php?rest_route=\/wp\/v2\/pages\/31\/revisions\/517"}],"wp:attachment":[{"href":"https:\/\/challengedelaveille2026.univ-lyon3.fr\/index.php?rest_route=%2Fwp%2Fv2%2Fmedia&parent=31"}],"curies":[{"name":"wp","href":"https:\/\/api.w.org\/{rel}","templated":true}]}}