{"id":39,"date":"2025-12-18T12:07:43","date_gmt":"2025-12-18T11:07:43","guid":{"rendered":"https:\/\/challengedelaveille2026.univ-lyon3.fr\/?page_id=39"},"modified":"2026-02-03T14:41:35","modified_gmt":"2026-02-03T13:41:35","slug":"liut-lyon-3","status":"publish","type":"page","link":"https:\/\/challengedelaveille2026.univ-lyon3.fr\/?page_id=39","title":{"rendered":"En savoir plus sur nous"},"content":{"rendered":"\n<p class=\"has-text-align-center has-text-color has-link-color has-bbh-bartle-font-family has-x-large-font-size wp-elements-8f2dc9aae7b21fa36a3f186fc347e974\" style=\"color:#ff8a1c\">L&rsquo;IUT JEAN MOULIN LYON 3 <\/p>\n\n\n\n<p class=\"has-medium-font-size\"><strong>L\u2019IUT Jean Moulin est un institut universitaire de technologie rattach\u00e9 \u00e0 l\u2019Universit\u00e9 Jean Moulin Lyon 3.<\/strong> Situ\u00e9 \u00e0 Lyon, dans le 7\u1d49 arrondissement, au <strong>88 rue Pasteur<\/strong>, il fait partie du campus des quais, \u00e0 proximit\u00e9 du centre-ville et bien desservi par les transports en commun. L\u2019IUT propose des formations professionnalisantes, notamment des BUT (Bachelor Universitaire de Technologie) et des licences professionnelles, qui combinent enseignements th\u00e9oriques et pratiques. <strong>L\u2019objectif de l\u2019IUT Jean Moulin est de pr\u00e9parer les \u00e9tudiants \u00e0 une insertion rapide dans le monde professionnel tout en leur offrant la possibilit\u00e9 de poursuivre leurs \u00e9tudes.<\/strong><\/p>\n\n\n\n<div class=\"wp-block-kadence-spacer aligncenter kt-block-spacer-39_bbfeaf-82\"><div class=\"kt-block-spacer kt-block-spacer-halign-center\"><hr class=\"kt-divider\"\/><\/div><\/div>\n\n\n\n<p class=\"has-text-color has-link-color has-bbh-bartle-font-family wp-elements-218c54f288308b4090ffce75de599d36\" style=\"color:#ff8a1c\">LES INTERVIEWS <\/p>\n\n\n\n<p class=\"has-medium-font-size\"><strong>Interview avec la gagnante du concours logo du CDLV \u00e9tions 2026 :<\/strong><\/p>\n\n\n\n<figure class=\"wp-block-embed is-type-video is-provider-youtube wp-block-embed-youtube wp-embed-aspect-16-9 wp-has-aspect-ratio\"><div class=\"wp-block-embed__wrapper\">\n<iframe loading=\"lazy\" title=\"Interview Logo CDLV \u00e9dition 2026\" width=\"500\" height=\"281\" src=\"https:\/\/www.youtube.com\/embed\/kYiZ3Kr2ajg?feature=oembed\" frameborder=\"0\" allow=\"accelerometer; autoplay; clipboard-write; encrypted-media; gyroscope; picture-in-picture; web-share\" referrerpolicy=\"strict-origin-when-cross-origin\" allowfullscreen><\/iframe>\n<\/div><\/figure>\n\n\n\n<div class=\"wp-block-kadence-spacer aligncenter kt-block-spacer-39_e1d87e-9a\"><div class=\"kt-block-spacer kt-block-spacer-halign-center\"><hr class=\"kt-divider\"\/><\/div><\/div>\n\n\n\n<p class=\"has-medium-font-size\"><strong>Leia nous pr\u00e9sente son logo pour la CDLV \u00e9dition 2026 :<\/strong><\/p>\n\n\n\n<figure class=\"wp-block-embed is-type-video is-provider-youtube wp-block-embed-youtube wp-embed-aspect-16-9 wp-has-aspect-ratio\"><div class=\"wp-block-embed__wrapper\">\n<iframe loading=\"lazy\" title=\"Leia nous pr\u00e9sente son logo pour la CDLV \u00e9dition 2026\" width=\"500\" height=\"281\" src=\"https:\/\/www.youtube.com\/embed\/RGvPlOr5R2s?feature=oembed\" frameborder=\"0\" allow=\"accelerometer; autoplay; clipboard-write; encrypted-media; gyroscope; picture-in-picture; web-share\" referrerpolicy=\"strict-origin-when-cross-origin\" allowfullscreen><\/iframe>\n<\/div><\/figure>\n\n\n\n<p class=\"has-medium-font-size\"><strong>Cr\u00e9ation du logo et de la charte graphique pour la CDLV \u00e9dition 2026 : <\/strong><\/p>\n\n\n\n<figure class=\"wp-block-embed is-type-video is-provider-youtube wp-block-embed-youtube wp-embed-aspect-4-3 wp-has-aspect-ratio\"><div class=\"wp-block-embed__wrapper\">\n<iframe loading=\"lazy\" title=\"Cr\u00e9ation du logo et de la charte graphique pour la CDLV \u00e9dition 2026\" width=\"500\" height=\"281\" src=\"https:\/\/www.youtube.com\/embed\/TtpjPEYuihc?feature=oembed\" frameborder=\"0\" allow=\"accelerometer; autoplay; clipboard-write; encrypted-media; gyroscope; picture-in-picture; web-share\" referrerpolicy=\"strict-origin-when-cross-origin\" allowfullscreen><\/iframe>\n<\/div><\/figure>\n","protected":false},"excerpt":{"rendered":"<p>L&rsquo;IUT JEAN MOULIN LYON 3 L\u2019IUT Jean Moulin est un institut universitaire de technologie rattach\u00e9 \u00e0 l\u2019Universit\u00e9 Jean Moulin Lyon 3. Situ\u00e9 \u00e0 Lyon, dans le 7\u1d49 arrondissement, au 88 [&hellip;]<\/p>\n","protected":false},"author":7,"featured_media":0,"parent":0,"menu_order":0,"comment_status":"closed","ping_status":"closed","template":"","meta":{"_monsterinsights_skip_tracking":false,"_monsterinsights_sitenote_active":false,"_monsterinsights_sitenote_note":"","_monsterinsights_sitenote_category":0,"_EventAllDay":false,"_EventTimezone":"","_EventStartDate":"","_EventEndDate":"","_EventStartDateUTC":"","_EventEndDateUTC":"","_EventShowMap":false,"_EventShowMapLink":false,"_EventURL":"","_EventCost":"","_EventCostDescription":"","_EventCurrencySymbol":"","_EventCurrencyCode":"","_EventCurrencyPosition":"","_EventDateTimeSeparator":"","_EventTimeRangeSeparator":"","_EventOrganizerID":[],"_EventVenueID":[],"_OrganizerEmail":"","_OrganizerPhone":"","_OrganizerWebsite":"","_VenueAddress":"","_VenueCity":"","_VenueCountry":"","_VenueProvince":"","_VenueState":"","_VenueZip":"","_VenuePhone":"","_VenueURL":"","_VenueStateProvince":"","_VenueLat":"","_VenueLng":"","_VenueShowMap":false,"_VenueShowMapLink":false,"footnotes":""},"class_list":["post-39","page","type-page","status-publish","hentry"],"_links":{"self":[{"href":"https:\/\/challengedelaveille2026.univ-lyon3.fr\/index.php?rest_route=\/wp\/v2\/pages\/39","targetHints":{"allow":["GET"]}}],"collection":[{"href":"https:\/\/challengedelaveille2026.univ-lyon3.fr\/index.php?rest_route=\/wp\/v2\/pages"}],"about":[{"href":"https:\/\/challengedelaveille2026.univ-lyon3.fr\/index.php?rest_route=\/wp\/v2\/types\/page"}],"author":[{"embeddable":true,"href":"https:\/\/challengedelaveille2026.univ-lyon3.fr\/index.php?rest_route=\/wp\/v2\/users\/7"}],"replies":[{"embeddable":true,"href":"https:\/\/challengedelaveille2026.univ-lyon3.fr\/index.php?rest_route=%2Fwp%2Fv2%2Fcomments&post=39"}],"version-history":[{"count":6,"href":"https:\/\/challengedelaveille2026.univ-lyon3.fr\/index.php?rest_route=\/wp\/v2\/pages\/39\/revisions"}],"predecessor-version":[{"id":619,"href":"https:\/\/challengedelaveille2026.univ-lyon3.fr\/index.php?rest_route=\/wp\/v2\/pages\/39\/revisions\/619"}],"wp:attachment":[{"href":"https:\/\/challengedelaveille2026.univ-lyon3.fr\/index.php?rest_route=%2Fwp%2Fv2%2Fmedia&parent=39"}],"curies":[{"name":"wp","href":"https:\/\/api.w.org\/{rel}","templated":true}]}}