{"id":532,"date":"2026-01-30T13:33:29","date_gmt":"2026-01-30T12:33:29","guid":{"rendered":"https:\/\/challengedelaveille2026.univ-lyon3.fr\/?page_id=532"},"modified":"2026-02-02T21:23:18","modified_gmt":"2026-02-02T20:23:18","slug":"cdlv-edition-2026-2","status":"publish","type":"page","link":"https:\/\/challengedelaveille2026.univ-lyon3.fr\/?page_id=532","title":{"rendered":"CDLV \u00e9dition 2026"},"content":{"rendered":"\n<div class=\"wp-block-group alignfull is-layout-flow wp-container-core-group-is-layout-f9cb6abc wp-block-group-is-layout-flow\" style=\"margin-top:0;margin-bottom:0\">\n<div class=\"wp-block-columns alignfull is-not-stacked-on-mobile is-layout-flex wp-container-core-columns-is-layout-738aaf98 wp-block-columns-is-layout-flex\" style=\"margin-top:0;margin-bottom:0;padding-top:var(--wp--preset--spacing--40);padding-right:var(--wp--preset--spacing--40);padding-bottom:var(--wp--preset--spacing--50);padding-left:var(--wp--preset--spacing--40)\">\n<div class=\"wp-block-column is-layout-flow wp-block-column-is-layout-flow\">\n<p class=\"has-text-align-center has-text-color has-link-color has-bbh-bartle-font-family has-xx-large-font-size wp-elements-10cebd844f394f9ec1e29dc40283f60c\" style=\"color:#ff8a1c\">CDLV EDITION 2026<\/p>\n\n\n\n<p class=\"has-small-font-size\">Le&nbsp;<strong>Challenge de la Veille \u2013 \u00c9dition 2026<\/strong>&nbsp;se tiendra cette ann\u00e9e \u00e0&nbsp;<strong>Lyon<\/strong>, ville laur\u00e9ate de l\u2019\u00e9dition pr\u00e9c\u00e9dente. En remportant l\u2019\u00e9dition 2025, Lyon a gagn\u00e9 le privil\u00e8ge d\u2019accueillir le prochain grand rendez-vous de la veille informationnelle.<\/p>\n\n\n\n<p class=\"has-small-font-size\">Forte de cette victoire, la ville est aujourd\u2019hui&nbsp;<strong>pr\u00eate \u00e0 recevoir les participants<\/strong>&nbsp;et \u00e0 transformer l\u2019\u00e9dition 2026 en un \u00e9v\u00e9nement marquant. Lyon se mobilise pour offrir un cadre dynamique, innovant et inspirant, \u00e0 la hauteur des ambitions du Challenge.<\/p>\n\n\n\n<p class=\"has-small-font-size\">Tout est r\u00e9uni pour&nbsp;<strong>concr\u00e9tiser cette nouvelle \u00e9dition<\/strong>&nbsp;et proposer un&nbsp;<strong>\u00e9v\u00e9nement d\u2019envergure<\/strong>, rythm\u00e9 par le partage, la cr\u00e9ativit\u00e9 et l\u2019excellence en mati\u00e8re de veille. L\u2019\u00e9dition 2026 s\u2019annonce d\u00e9j\u00e0 comme un&nbsp;<strong>moment fort<\/strong>, plac\u00e9 sous le signe de l\u2019engagement et de l\u2019innovation.<\/p>\n<\/div>\n<\/div>\n\n\n\n<div class=\"wp-block-columns is-layout-flex wp-container-core-columns-is-layout-28f84493 wp-block-columns-is-layout-flex\">\n<div class=\"wp-block-column is-layout-flow wp-block-column-is-layout-flow\">\n<figure class=\"wp-block-gallery has-nested-images columns-default is-cropped wp-block-gallery-1 is-layout-flex wp-block-gallery-is-layout-flex\">\n<figure class=\"wp-block-image size-large\" style=\"margin-top:var(--wp--preset--spacing--40)\"><img loading=\"lazy\" decoding=\"async\" width=\"945\" height=\"1024\" data-id=\"513\" src=\"https:\/\/challengedelaveille2026.univ-lyon3.fr\/wp-content\/uploads\/2026\/01\/pexels-gabby-k-6238039-1-e1769514686698-945x1024.jpg\" alt=\"\" class=\"wp-image-513\" srcset=\"https:\/\/challengedelaveille2026.univ-lyon3.fr\/wp-content\/uploads\/2026\/01\/pexels-gabby-k-6238039-1-e1769514686698-945x1024.jpg 945w, https:\/\/challengedelaveille2026.univ-lyon3.fr\/wp-content\/uploads\/2026\/01\/pexels-gabby-k-6238039-1-e1769514686698-277x300.jpg 277w, https:\/\/challengedelaveille2026.univ-lyon3.fr\/wp-content\/uploads\/2026\/01\/pexels-gabby-k-6238039-1-e1769514686698-768x832.jpg 768w, https:\/\/challengedelaveille2026.univ-lyon3.fr\/wp-content\/uploads\/2026\/01\/pexels-gabby-k-6238039-1-e1769514686698-1418x1536.jpg 1418w, https:\/\/challengedelaveille2026.univ-lyon3.fr\/wp-content\/uploads\/2026\/01\/pexels-gabby-k-6238039-1-e1769514686698.jpg 1604w\" sizes=\"auto, (max-width: 945px) 100vw, 945px\" \/><\/figure>\n<\/figure>\n<\/div>\n\n\n\n<div class=\"wp-block-column is-layout-flow wp-block-column-is-layout-flow\">\n<p class=\"has-text-color has-link-color has-bbh-bartle-font-family has-large-font-size wp-elements-99f77a80e52918eba56984455ab88460\" style=\"color:#ff8a1c\">Le sujet de la CDLV 2026<\/p>\n\n\n\n<p class=\"has-small-font-size\"><strong>L\u2019Or\u00e9al<\/strong>\u00a0est un groupe fran\u00e7ais de renomm\u00e9e mondiale, leader de l\u2019industrie des cosm\u00e9tiques. Pr\u00e9sent dans plus de 150 pays, le groupe d\u00e9veloppe des produits de beaut\u00e9 innovants dans les domaines du maquillage, du soin, du parfum et de la cosm\u00e9tique capillaire. En tant que\u00a0<strong>commanditaire du Challenge de la Veille \u2013 \u00c9dition 2026<\/strong>, L\u2019Or\u00e9al soutient l\u2019innovation, la veille strat\u00e9gique et le d\u00e9veloppement des comp\u00e9tences, au c\u0153ur des enjeux actuels de transformation et de performance.<\/p>\n\n\n\n<div class=\"wp-block-buttons is-layout-flex wp-block-buttons-is-layout-flex\">\n<div class=\"wp-block-button\"><a class=\"wp-block-button__link wp-element-button\" href=\"https:\/\/challengedelaveille2026.univ-lyon3.fr\/?page_id=118\">Sujet CDLV 2026<\/a><\/div>\n<\/div>\n<\/div>\n<\/div>\n<\/div>\n\n\n\n<div class=\"wp-block-columns is-layout-flex wp-container-core-columns-is-layout-0adb00f3 wp-block-columns-is-layout-flex\" style=\"padding-top:var(--wp--preset--spacing--50)\">\n<div class=\"wp-block-column is-layout-flow wp-block-column-is-layout-flow\" style=\"padding-top:var(--wp--preset--spacing--60);padding-bottom:var(--wp--preset--spacing--60)\">\n<p class=\"has-text-color has-link-color has-bbh-bartle-font-family has-large-font-size wp-elements-f192c1a832a0cb66127a458df48571d7\" style=\"color:#ff8a1c\">La finale de la CDLV 2026<\/p>\n\n\n\n<p class=\"has-small-font-size\"><strong>Grand gagnant de l\u2019\u00e9dition 2025, l\u2019IUT Lyon 3 est pr\u00eat pour accueillir l\u2019\u00e9dition 2026.<\/strong> La finale se passera le 5 f\u00e9vrier et durant toute la journ\u00e9e les 8 \u00e9quipes finalistes s\u2019affronteront \u00e0 l\u2019oral autour d\u2019une probl\u00e9matique qu\u2019ils auront \u00e9tudi\u00e9 pendant une semaine. <strong>Alors qui va \u00eatre \u00e9lu grand gagnant 2026 ?\u00a0<\/strong><\/p>\n\n\n\n<div class=\"wp-block-buttons is-layout-flex wp-block-buttons-is-layout-flex\">\n<div class=\"wp-block-button\"><a class=\"wp-block-button__link wp-element-button\" href=\"https:\/\/challengedelaveille2026.univ-lyon3.fr\/?page_id=53\">La finale<\/a><\/div>\n<\/div>\n<\/div>\n\n\n\n<div class=\"wp-block-column is-layout-flow wp-block-column-is-layout-flow\">\n<figure class=\"wp-block-gallery has-nested-images columns-default is-cropped wp-block-gallery-2 is-layout-flex wp-block-gallery-is-layout-flex\">\n<figure class=\"wp-block-image size-large\"><img loading=\"lazy\" decoding=\"async\" width=\"287\" height=\"429\" data-id=\"262\" src=\"https:\/\/challengedelaveille2026.univ-lyon3.fr\/wp-content\/uploads\/2026\/01\/loool.png\" alt=\"\" class=\"wp-image-262\" srcset=\"https:\/\/challengedelaveille2026.univ-lyon3.fr\/wp-content\/uploads\/2026\/01\/loool.png 287w, https:\/\/challengedelaveille2026.univ-lyon3.fr\/wp-content\/uploads\/2026\/01\/loool-201x300.png 201w\" sizes=\"auto, (max-width: 287px) 100vw, 287px\" \/><\/figure>\n<\/figure>\n<\/div>\n<\/div>\n","protected":false},"excerpt":{"rendered":"<p>CDLV EDITION 2026 Le&nbsp;Challenge de la Veille \u2013 \u00c9dition 2026&nbsp;se tiendra cette ann\u00e9e \u00e0&nbsp;Lyon, ville laur\u00e9ate de l\u2019\u00e9dition pr\u00e9c\u00e9dente. En remportant l\u2019\u00e9dition 2025, Lyon a gagn\u00e9 le privil\u00e8ge d\u2019accueillir le [&hellip;]<\/p>\n","protected":false},"author":7,"featured_media":0,"parent":0,"menu_order":0,"comment_status":"closed","ping_status":"closed","template":"","meta":{"_monsterinsights_skip_tracking":false,"_monsterinsights_sitenote_active":false,"_monsterinsights_sitenote_note":"","_monsterinsights_sitenote_category":0,"_EventAllDay":false,"_EventTimezone":"","_EventStartDate":"","_EventEndDate":"","_EventStartDateUTC":"","_EventEndDateUTC":"","_EventShowMap":false,"_EventShowMapLink":false,"_EventURL":"","_EventCost":"","_EventCostDescription":"","_EventCurrencySymbol":"","_EventCurrencyCode":"","_EventCurrencyPosition":"","_EventDateTimeSeparator":"","_EventTimeRangeSeparator":"","_EventOrganizerID":[],"_EventVenueID":[],"_OrganizerEmail":"","_OrganizerPhone":"","_OrganizerWebsite":"","_VenueAddress":"","_VenueCity":"","_VenueCountry":"","_VenueProvince":"","_VenueState":"","_VenueZip":"","_VenuePhone":"","_VenueURL":"","_VenueStateProvince":"","_VenueLat":"","_VenueLng":"","_VenueShowMap":false,"_VenueShowMapLink":false,"footnotes":""},"class_list":["post-532","page","type-page","status-publish","hentry"],"_links":{"self":[{"href":"https:\/\/challengedelaveille2026.univ-lyon3.fr\/index.php?rest_route=\/wp\/v2\/pages\/532","targetHints":{"allow":["GET"]}}],"collection":[{"href":"https:\/\/challengedelaveille2026.univ-lyon3.fr\/index.php?rest_route=\/wp\/v2\/pages"}],"about":[{"href":"https:\/\/challengedelaveille2026.univ-lyon3.fr\/index.php?rest_route=\/wp\/v2\/types\/page"}],"author":[{"embeddable":true,"href":"https:\/\/challengedelaveille2026.univ-lyon3.fr\/index.php?rest_route=\/wp\/v2\/users\/7"}],"replies":[{"embeddable":true,"href":"https:\/\/challengedelaveille2026.univ-lyon3.fr\/index.php?rest_route=%2Fwp%2Fv2%2Fcomments&post=532"}],"version-history":[{"count":4,"href":"https:\/\/challengedelaveille2026.univ-lyon3.fr\/index.php?rest_route=\/wp\/v2\/pages\/532\/revisions"}],"predecessor-version":[{"id":594,"href":"https:\/\/challengedelaveille2026.univ-lyon3.fr\/index.php?rest_route=\/wp\/v2\/pages\/532\/revisions\/594"}],"wp:attachment":[{"href":"https:\/\/challengedelaveille2026.univ-lyon3.fr\/index.php?rest_route=%2Fwp%2Fv2%2Fmedia&parent=532"}],"curies":[{"name":"wp","href":"https:\/\/api.w.org\/{rel}","templated":true}]}}