{"id":69,"date":"2025-12-18T12:50:07","date_gmt":"2025-12-18T11:50:07","guid":{"rendered":"https:\/\/challengedelaveille2026.univ-lyon3.fr\/?page_id=69"},"modified":"2026-01-31T19:02:34","modified_gmt":"2026-01-31T18:02:34","slug":"le-calendrier","status":"publish","type":"page","link":"https:\/\/challengedelaveille2026.univ-lyon3.fr\/?page_id=69","title":{"rendered":"Le calendrier"},"content":{"rendered":"\n<h2 class=\"wp-block-heading has-text-align-center has-base-background-color has-text-color has-background has-link-color has-bbh-bartle-font-family wp-elements-e9a4b17f58743711725bc761d7e6d37d\" style=\"color:#ff8a1c;font-size:clamp(18.959px, 1.185rem + ((1vw - 3.2px) * 1.082), 30px);text-decoration:none\"><strong>Calendrier CDLV 2026 :<\/strong><\/h2>\n\n\n\n<div class=\"wp-block-kadence-spacer aligncenter kt-block-spacer-69_9369a8-c6\"><div class=\"kt-block-spacer kt-block-spacer-halign-center\"><hr class=\"kt-divider\"\/><\/div><\/div>\n\n\n\n<figure class=\"wp-block-image size-large has-custom-border\"><img loading=\"lazy\" decoding=\"async\" width=\"1024\" height=\"768\" src=\"https:\/\/challengedelaveille2026.univ-lyon3.fr\/wp-content\/uploads\/2026\/01\/photostyle-2.jpg-2-1024x768.jpg\" alt=\"\" class=\"has-border-color wp-image-355\" style=\"border-color:#83099c;border-width:5px;border-top-left-radius:59px;border-top-right-radius:59px;border-bottom-left-radius:59px;border-bottom-right-radius:59px\" srcset=\"https:\/\/challengedelaveille2026.univ-lyon3.fr\/wp-content\/uploads\/2026\/01\/photostyle-2.jpg-2-1024x768.jpg 1024w, https:\/\/challengedelaveille2026.univ-lyon3.fr\/wp-content\/uploads\/2026\/01\/photostyle-2.jpg-2-300x225.jpg 300w, https:\/\/challengedelaveille2026.univ-lyon3.fr\/wp-content\/uploads\/2026\/01\/photostyle-2.jpg-2-768x576.jpg 768w, https:\/\/challengedelaveille2026.univ-lyon3.fr\/wp-content\/uploads\/2026\/01\/photostyle-2.jpg-2-1536x1152.jpg 1536w, https:\/\/challengedelaveille2026.univ-lyon3.fr\/wp-content\/uploads\/2026\/01\/photostyle-2.jpg-2-2048x1536.jpg 2048w\" sizes=\"auto, (max-width: 1024px) 100vw, 1024px\" \/><figcaption class=\"wp-element-caption\">PEXELS<\/figcaption><\/figure>\n\n\n\n<div class=\"wp-block-kadence-spacer alignnone kt-block-spacer-69_d42c8a-0a\"><div class=\"kt-block-spacer kt-block-spacer-halign-center\"><hr class=\"kt-divider\"\/><\/div><\/div>\n\n\n\n<div class=\"wp-block-columns is-style-section-1 has-border-color is-layout-flex wp-container-core-columns-is-layout-28f84493 wp-block-columns-is-layout-flex is-style-section-1--1\" style=\"border-color:#F6CFF4;border-width:2px;border-top-left-radius:10px;border-top-right-radius:10px;border-bottom-left-radius:10px;border-bottom-right-radius:10px\">\n<div class=\"wp-block-column is-layout-flow wp-block-column-is-layout-flow\">\n<p class=\"has-text-align-left has-text-color has-link-color has-rubik-mono-one-font-family has-medium-font-size wp-elements-6171ed14e7a1801ffbfd1221923f1798\" style=\"color:#ffa859\"><strong>19 janvier 2026<\/strong><\/p>\n<\/div>\n\n\n\n<div class=\"wp-block-column is-layout-flow wp-block-column-is-layout-flow\">\n<p class=\"has-text-color has-link-color has-rubik-mono-one-font-family has-medium-font-size wp-elements-180ccf5dd8571e2a0404932f398b2098\" style=\"color:#ffa859\"><strong>26 janvier 2026<\/strong><\/p>\n<\/div>\n\n\n\n<div class=\"wp-block-column is-layout-flow wp-block-column-is-layout-flow\">\n<p class=\"has-text-color has-link-color has-rubik-mono-one-font-family has-medium-font-size wp-elements-840bf8e6ba56957056797c1c8781cfb4\" style=\"color:#ffa859\"><strong>30 janvier 2026<\/strong><\/p>\n<\/div>\n\n\n\n<div class=\"wp-block-column is-layout-flow wp-block-column-is-layout-flow\">\n<p class=\"has-text-color has-link-color has-rubik-mono-one-font-family has-medium-font-size wp-elements-86ffa545ae09778d6346332e49f980ac\" style=\"color:#ffa859\"><strong>5 f\u00e9vrier 2026<\/strong><\/p>\n<\/div>\n<\/div>\n\n\n\n<div class=\"wp-block-columns is-layout-flex wp-container-core-columns-is-layout-28f84493 wp-block-columns-is-layout-flex\">\n<div class=\"wp-block-column is-layout-flow wp-block-column-is-layout-flow\">\n<p style=\"font-size:clamp(14px, 0.875rem + ((1vw - 3.2px) * 0.098), 15px);\"><strong>Le sujet est d\u00e9voil\u00e9<\/strong> aux \u00e9tudiants qui travaillent pendant une semaine exclusivement sur ce projet.<\/p>\n<\/div>\n\n\n\n<div class=\"wp-block-column is-layout-flow wp-block-column-is-layout-flow\">\n<p style=\"font-size:clamp(14px, 0.875rem + ((1vw - 3.2px) * 0.098), 15px);\">Chaque d\u00e9partement information-communication <strong>organise une finale<br>locale.<\/strong><\/p>\n<\/div>\n\n\n\n<div class=\"wp-block-column is-layout-flow wp-block-column-is-layout-flow\">\n<p style=\"font-size:clamp(14px, 0.875rem + ((1vw - 3.2px) * 0.098), 15px);\"><strong>Les \u00e9quipes finalistes qui repr\u00e9senteront chaque IUT sont constitu\u00e9es et<\/strong> <strong>Les meilleurs dossiers <\/strong>sont adress\u00e9s au commanditaire et aux membres du<br>jury.<\/p>\n<\/div>\n\n\n\n<div class=\"wp-block-column is-layout-flow wp-block-column-is-layout-flow\">\n<p style=\"font-size:clamp(14px, 0.875rem + ((1vw - 3.2px) * 0.098), 15px);\"><strong>L\u2019IUT Lyon 3 accueille les 8 \u00e9quipes finalistes<\/strong> pour pr\u00e9sentation<br>physique de leur travail au commanditaire et aux membres du jury d\u00e9sign\u00e9s.<\/p>\n<\/div>\n<\/div>\n\n\n\n<p><\/p>\n","protected":false},"excerpt":{"rendered":"<p>Calendrier CDLV 2026 : 19 janvier 2026 26 janvier 2026 30 janvier 2026 5 f\u00e9vrier 2026 Le sujet est d\u00e9voil\u00e9 aux \u00e9tudiants qui travaillent pendant une semaine exclusivement sur ce [&hellip;]<\/p>\n","protected":false},"author":7,"featured_media":0,"parent":0,"menu_order":0,"comment_status":"closed","ping_status":"closed","template":"","meta":{"_monsterinsights_skip_tracking":false,"_monsterinsights_sitenote_active":false,"_monsterinsights_sitenote_note":"","_monsterinsights_sitenote_category":0,"_EventAllDay":false,"_EventTimezone":"","_EventStartDate":"","_EventEndDate":"","_EventStartDateUTC":"","_EventEndDateUTC":"","_EventShowMap":false,"_EventShowMapLink":false,"_EventURL":"","_EventCost":"","_EventCostDescription":"","_EventCurrencySymbol":"","_EventCurrencyCode":"","_EventCurrencyPosition":"","_EventDateTimeSeparator":"","_EventTimeRangeSeparator":"","_EventOrganizerID":[],"_EventVenueID":[],"_OrganizerEmail":"","_OrganizerPhone":"","_OrganizerWebsite":"","_VenueAddress":"","_VenueCity":"","_VenueCountry":"","_VenueProvince":"","_VenueState":"","_VenueZip":"","_VenuePhone":"","_VenueURL":"","_VenueStateProvince":"","_VenueLat":"","_VenueLng":"","_VenueShowMap":false,"_VenueShowMapLink":false,"footnotes":""},"class_list":["post-69","page","type-page","status-publish","hentry"],"_links":{"self":[{"href":"https:\/\/challengedelaveille2026.univ-lyon3.fr\/index.php?rest_route=\/wp\/v2\/pages\/69","targetHints":{"allow":["GET"]}}],"collection":[{"href":"https:\/\/challengedelaveille2026.univ-lyon3.fr\/index.php?rest_route=\/wp\/v2\/pages"}],"about":[{"href":"https:\/\/challengedelaveille2026.univ-lyon3.fr\/index.php?rest_route=\/wp\/v2\/types\/page"}],"author":[{"embeddable":true,"href":"https:\/\/challengedelaveille2026.univ-lyon3.fr\/index.php?rest_route=\/wp\/v2\/users\/7"}],"replies":[{"embeddable":true,"href":"https:\/\/challengedelaveille2026.univ-lyon3.fr\/index.php?rest_route=%2Fwp%2Fv2%2Fcomments&post=69"}],"version-history":[{"count":54,"href":"https:\/\/challengedelaveille2026.univ-lyon3.fr\/index.php?rest_route=\/wp\/v2\/pages\/69\/revisions"}],"predecessor-version":[{"id":546,"href":"https:\/\/challengedelaveille2026.univ-lyon3.fr\/index.php?rest_route=\/wp\/v2\/pages\/69\/revisions\/546"}],"wp:attachment":[{"href":"https:\/\/challengedelaveille2026.univ-lyon3.fr\/index.php?rest_route=%2Fwp%2Fv2%2Fmedia&parent=69"}],"curies":[{"name":"wp","href":"https:\/\/api.w.org\/{rel}","templated":true}]}}